
{"id":14,"date":"2017-01-07T12:15:39","date_gmt":"2017-01-07T12:15:39","guid":{"rendered":"http:\/\/annehamalainen.com\/?page_id=14"},"modified":"2025-01-15T08:17:53","modified_gmt":"2025-01-15T08:17:53","slug":"off-season","status":"publish","type":"page","link":"https:\/\/www.annehamalainen.com\/?page_id=14","title":{"rendered":"OFF SEASON"},"content":{"rendered":"<div class=\"rows\">\n<table style=\"height: 3915px;\" border=\"0\" width=\"6328\" cellspacing=\"0\">\n<tbody>\n<tr>\n<td align=\"left\" valign=\"top\" height=\"500\"><img loading=\"lazy\" decoding=\"async\" class=\"alignnone size-full wp-image-7\" src=\"http:\/\/annehamalainen.com\/wp-content\/uploads\/2017\/01\/off_season_final.jpg\" alt=\"\" width=\"6632\" height=\"500\" \/><\/td>\n<td class=\"teksti\" align=\"left\" valign=\"top\" width=\"520\">\n<p class=\"otsi\">OFF SEASON<\/p>\n<p class=\"leipa\">Kuvasin Normandian vilkkaita turistikohteita talviseen aikaan, jolloin rannat olivat tyhjill\u00e4\u00e4n ja tunnelma harmaan melankolinen. Kuvauskohteina olivat my\u00f6s remontissa olevat hotellit ja autioituneet paikat, joissa etsin kuviini alakuloa ja hiljaisuutta. Riikka Ala-Harjan l\u00f6yh\u00e4sti kuviin perustuvat lyhyet kertomukset lis\u00e4siv\u00e4t kuvista kokoamaani <em>Off Season<\/em> -kirjaan toisen tason, ja Sanni Sepon taitto limitti tasot yhteen. Cahiers du temps julkaisi kirjan ranskan- ja suomenkielisen\u00e4 (<a href=\"http:\/\/www.cahiersdutemps.com\/f-off-season.php\" target=\"_blank\" rel=\"noopener\">http:\/\/www.cahiersdutemps.com\/f-off-season.php<\/a>) Ranskassa vuonna 2009.<\/p>\n<p class=\"leipa\"><em>Off Season<\/em> on my\u00f6s n\u00e4yttelykokonaisuus, jota olen kierr\u00e4tt\u00e4nyt Ranskassa ja Suomessa.<\/p>\n<p>&nbsp;<\/p>\n<p class=\"otsi\">OFF SEASON<\/p>\n<p class=\"leipa\">I photographed busy tourist resorts in Normandy during the grey melancholic period when the beaches are empty. The wistfulness and silence of hotels under renovation and other deserted buildings was something I tried to capture in my pictures. In the resulting book, <em>Off Season<\/em>, another dimension was added by Riikka Ala-Harja&#8217;s short stories loosely based on my photos, and Sanni Seppo&#8217;s book design reconciled them. Cahiers du temps published the book (<a href=\"http:\/\/www.cahiersdutemps.com\/f-off-season.php\" target=\"_blank\" rel=\"noopener\">http:\/\/www.cahiersdutemps.com\/f-off-season.php<\/a>) in France in 2009 as a bi-lingual (French and Finnish) edition.<\/p>\n<p class=\"leipa\"><em>Off Season<\/em> also became a similarly titled solo exhibition that has been shown in France and Finland.<\/p>\n<\/td>\n<\/tr>\n<\/tbody>\n<\/table>\n<\/div>\n","protected":false},"excerpt":{"rendered":"<p>OFF SEASON Kuvasin Normandian vilkkaita turistikohteita talviseen aikaan, jolloin rannat olivat tyhjill\u00e4\u00e4n ja tunnelma harmaan melankolinen. Kuvauskohteina olivat my\u00f6s remontissa olevat hotellit ja autioituneet paikat, joissa etsin kuviini alakuloa ja hiljaisuutta. Riikka Ala-Harjan l\u00f6yh\u00e4sti kuviin perustuvat lyhyet kertomukset lis\u00e4siv\u00e4t kuvista kokoamaani Off Season -kirjaan toisen tason, ja Sanni Sepon taitto limitti tasot yhteen. Cahiers du [&hellip;]<\/p>\n","protected":false},"author":1,"featured_media":0,"parent":0,"menu_order":0,"comment_status":"closed","ping_status":"closed","template":"","meta":{"footnotes":""},"class_list":["post-14","page","type-page","status-publish","hentry"],"_links":{"self":[{"href":"https:\/\/www.annehamalainen.com\/index.php?rest_route=\/wp\/v2\/pages\/14","targetHints":{"allow":["GET"]}}],"collection":[{"href":"https:\/\/www.annehamalainen.com\/index.php?rest_route=\/wp\/v2\/pages"}],"about":[{"href":"https:\/\/www.annehamalainen.com\/index.php?rest_route=\/wp\/v2\/types\/page"}],"author":[{"embeddable":true,"href":"https:\/\/www.annehamalainen.com\/index.php?rest_route=\/wp\/v2\/users\/1"}],"replies":[{"embeddable":true,"href":"https:\/\/www.annehamalainen.com\/index.php?rest_route=%2Fwp%2Fv2%2Fcomments&post=14"}],"version-history":[{"count":5,"href":"https:\/\/www.annehamalainen.com\/index.php?rest_route=\/wp\/v2\/pages\/14\/revisions"}],"predecessor-version":[{"id":88,"href":"https:\/\/www.annehamalainen.com\/index.php?rest_route=\/wp\/v2\/pages\/14\/revisions\/88"}],"wp:attachment":[{"href":"https:\/\/www.annehamalainen.com\/index.php?rest_route=%2Fwp%2Fv2%2Fmedia&parent=14"}],"curies":[{"name":"wp","href":"https:\/\/api.w.org\/{rel}","templated":true}]}}