
{"id":18,"date":"2017-01-07T12:16:25","date_gmt":"2017-01-07T12:16:25","guid":{"rendered":"http:\/\/annehamalainen.com\/?page_id=18"},"modified":"2025-01-15T08:26:30","modified_gmt":"2025-01-15T08:26:30","slug":"harlem-hallelujah","status":"publish","type":"page","link":"https:\/\/www.annehamalainen.com\/?page_id=18","title":{"rendered":"HARLEM HALLELUJAH"},"content":{"rendered":"<div class=\"rows\">\n<table style=\"height: 4527px;\" border=\"0\" width=\"9378\" cellspacing=\"0\">\n<tbody>\n<tr>\n<td align=\"left\" valign=\"top\" height=\"500\"><img loading=\"lazy\" decoding=\"async\" class=\"alignleft wp-image-122 size-full\" src=\"http:\/\/www.annehamalainen.com\/wp-content\/uploads\/2017\/01\/Harlem_Hallelujah.jpg\" alt=\"harlem_hallelujah\" width=\"9834\" height=\"500\" \/><\/td>\n<td class=\"teksti\" align=\"left\" valign=\"top\" width=\"520\">\n<p class=\"otsi\">HARLEM HALLELUJAH<\/p>\n<p class=\"leipa\">Harlemin katuel\u00e4m\u00e4\u00e4 kuvatessani panin merkille alueen lukuisat kirkot. Parhaimmiksi hetkiksi New Yorkin -matkallani muodostuivat kolme sunnuntaita, jotka vietin Mother Zion Church -metodistikirkossa. El\u00e4hdytt\u00e4v\u00e4t gospel-seremoniat eiv\u00e4t aivan k\u00e4\u00e4nnytt\u00e4neet minua metodistiksi, mutta tilaisuuksien j\u00e4lkeen hengailin seurakuntatiloissa tutustuen Harlemin suurisyd\u00e4misiin metodisteihin. Erotuksena aiemmista pitkist\u00e4 kuvausprojekteistani Harlem Hallelujah syntyi kahden kuvausp\u00e4iv\u00e4n aikana. Toteutin sen Suomen New Yorkin kulttuuri-instituutin j\u00e4rjest\u00e4m\u00e4ss\u00e4 residenssiss\u00e4 kes\u00e4kuussa 2016.<\/p>\n<p>&nbsp;<\/p>\n<p class=\"otsi\">HARLEM HALLELUJAH<\/p>\n<p class=\"leipa\">While photographing street life in Harlem in June 2016 I was amazed at the number of churches this part of Manhattan has. Three Sundays spent at the Mother Zion Church became the highlight of my trip to New York. The gospel ceremonies didn\u2019t convert me into a Methodist, but they inspired me to hang around at the church\u2019s premises and get to know the warm-hearted parishioners. Unlike my previous long-term shooting projects Harlem Hallelujah took only two days to complete. The project was made possible thanks to an artist residency organised by the Finnish Cultural Institute in New York.<\/p>\n<\/td>\n<\/tr>\n<\/tbody>\n<\/table>\n<\/div>\n","protected":false},"excerpt":{"rendered":"<p>HARLEM HALLELUJAH Harlemin katuel\u00e4m\u00e4\u00e4 kuvatessani panin merkille alueen lukuisat kirkot. Parhaimmiksi hetkiksi New Yorkin -matkallani muodostuivat kolme sunnuntaita, jotka vietin Mother Zion Church -metodistikirkossa. El\u00e4hdytt\u00e4v\u00e4t gospel-seremoniat eiv\u00e4t aivan k\u00e4\u00e4nnytt\u00e4neet minua metodistiksi, mutta tilaisuuksien j\u00e4lkeen hengailin seurakuntatiloissa tutustuen Harlemin suurisyd\u00e4misiin metodisteihin. Erotuksena aiemmista pitkist\u00e4 kuvausprojekteistani Harlem Hallelujah syntyi kahden kuvausp\u00e4iv\u00e4n aikana. Toteutin sen Suomen New Yorkin [&hellip;]<\/p>\n","protected":false},"author":1,"featured_media":0,"parent":0,"menu_order":0,"comment_status":"closed","ping_status":"closed","template":"","meta":{"footnotes":""},"class_list":["post-18","page","type-page","status-publish","hentry"],"_links":{"self":[{"href":"https:\/\/www.annehamalainen.com\/index.php?rest_route=\/wp\/v2\/pages\/18","targetHints":{"allow":["GET"]}}],"collection":[{"href":"https:\/\/www.annehamalainen.com\/index.php?rest_route=\/wp\/v2\/pages"}],"about":[{"href":"https:\/\/www.annehamalainen.com\/index.php?rest_route=\/wp\/v2\/types\/page"}],"author":[{"embeddable":true,"href":"https:\/\/www.annehamalainen.com\/index.php?rest_route=\/wp\/v2\/users\/1"}],"replies":[{"embeddable":true,"href":"https:\/\/www.annehamalainen.com\/index.php?rest_route=%2Fwp%2Fv2%2Fcomments&post=18"}],"version-history":[{"count":5,"href":"https:\/\/www.annehamalainen.com\/index.php?rest_route=\/wp\/v2\/pages\/18\/revisions"}],"predecessor-version":[{"id":95,"href":"https:\/\/www.annehamalainen.com\/index.php?rest_route=\/wp\/v2\/pages\/18\/revisions\/95"}],"wp:attachment":[{"href":"https:\/\/www.annehamalainen.com\/index.php?rest_route=%2Fwp%2Fv2%2Fmedia&parent=18"}],"curies":[{"name":"wp","href":"https:\/\/api.w.org\/{rel}","templated":true}]}}