
{"id":20,"date":"2017-01-07T12:16:50","date_gmt":"2017-01-07T12:16:50","guid":{"rendered":"http:\/\/annehamalainen.com\/?page_id=20"},"modified":"2025-01-15T08:22:49","modified_gmt":"2025-01-15T08:22:49","slug":"anna-ahmatova-ii-2","status":"publish","type":"page","link":"https:\/\/www.annehamalainen.com\/?page_id=20","title":{"rendered":"ANNA AHMATOVA II"},"content":{"rendered":"<div class=\"rows\">\n<table style=\"height: 4452px;\" border=\"0\" width=\"7254\" cellspacing=\"0\">\n<tbody>\n<tr>\n<td align=\"left\" valign=\"top\" height=\"500\"><img loading=\"lazy\" decoding=\"async\" class=\"alignnone wp-image-121 size-full\" src=\"http:\/\/www.annehamalainen.com\/wp-content\/uploads\/2017\/01\/Anna-Ahmatova-II.jpg\" alt=\"anna-ahmatova-ii\" width=\"6694\" height=\"500\" \/><\/td>\n<td class=\"teksti\" align=\"left\" valign=\"top\" width=\"520\">\n<p class=\"otsi\">ANNA AHMATOVA FONTANKAN TALOSSA<\/p>\n<p class=\"leipa\">Kolmas kirjani sijoittuu ven\u00e4l\u00e4isen runoilija Anna Ahmatovan (1889-1966)<br \/>\npietarilaiseen kotimuseoon. Anna Ahmatova asui t\u00e4ss\u00e4 \u201dFontankan talossa\u201d 1920-luvulta 1940-luvulle. Kuvasin h\u00e4nen kotinsa dramaattista karuutta, mink\u00e4 lis\u00e4ksi valitsin kirjaan Ahmatovasta otettuja albumikuvia museon arkistosta. T\u00e4rke\u00e4ss\u00e4 roolissa ovat kirjan graafikon Sanni Sepon kollaasit, joissa h\u00e4n yhdist\u00e4\u00e4 museon historiallisia arkistokuvia minun kuvaamiini v\u00e4rikuviin. Pirjo Aaltonen vastaa kirjan tekstiosuudesta, joka kertoo Ahmatovan el\u00e4m\u00e4st\u00e4 ja runoudesta Fontankan talossa. Into Kustannuksen julkaiseman kirjan ensimm\u00e4inen painos ilmestyi vuonna 2012 ja toinen painos 2015. Kuvista koottu n\u00e4yttely on ollut esill\u00e4 Suomessa ja Ven\u00e4j\u00e4ll\u00e4.<\/p>\n<p>&nbsp;<\/p>\n<p class=\"otsi\">ANNA AKHMATOVA IN THE HOUSE ON THE FONTANKA<\/p>\n<p class=\"leipa\">My third book is centered around the home museum of Russian modernist poet Anna Akhmatova (1889\u20131966) in St. Petersburg. She lived in this 18th century building from the 1920s to the 1940s. I have attempted to capture the dramatic austerity of her home in my photographs, interspersed by photos from the museum\u2019s archives. Sanni Seppo\u2019s collages, which combine these two, play an important role in the book. Pirjo Aaltonen\u2019s text details Akhmatova\u2019s life and poetry during the time she lived in the Fontanka House. The first edition of Anna Ahmatova Fontankan talossa (Anna Akhmatova in the House on the Fontanka) was published by Into Kustannus in 2012 and the second edition came out in 2015. The similarly titled exhibition has been shown in Finland and in Russia.<\/p>\n<\/td>\n<\/tr>\n<\/tbody>\n<\/table>\n<\/div>\n","protected":false},"excerpt":{"rendered":"<p>ANNA AHMATOVA FONTANKAN TALOSSA Kolmas kirjani sijoittuu ven\u00e4l\u00e4isen runoilija Anna Ahmatovan (1889-1966) pietarilaiseen kotimuseoon. Anna Ahmatova asui t\u00e4ss\u00e4 \u201dFontankan talossa\u201d 1920-luvulta 1940-luvulle. Kuvasin h\u00e4nen kotinsa dramaattista karuutta, mink\u00e4 lis\u00e4ksi valitsin kirjaan Ahmatovasta otettuja albumikuvia museon arkistosta. T\u00e4rke\u00e4ss\u00e4 roolissa ovat kirjan graafikon Sanni Sepon kollaasit, joissa h\u00e4n yhdist\u00e4\u00e4 museon historiallisia arkistokuvia minun kuvaamiini v\u00e4rikuviin. Pirjo Aaltonen [&hellip;]<\/p>\n","protected":false},"author":1,"featured_media":0,"parent":0,"menu_order":0,"comment_status":"closed","ping_status":"closed","template":"","meta":{"footnotes":""},"class_list":["post-20","page","type-page","status-publish","hentry"],"_links":{"self":[{"href":"https:\/\/www.annehamalainen.com\/index.php?rest_route=\/wp\/v2\/pages\/20","targetHints":{"allow":["GET"]}}],"collection":[{"href":"https:\/\/www.annehamalainen.com\/index.php?rest_route=\/wp\/v2\/pages"}],"about":[{"href":"https:\/\/www.annehamalainen.com\/index.php?rest_route=\/wp\/v2\/types\/page"}],"author":[{"embeddable":true,"href":"https:\/\/www.annehamalainen.com\/index.php?rest_route=\/wp\/v2\/users\/1"}],"replies":[{"embeddable":true,"href":"https:\/\/www.annehamalainen.com\/index.php?rest_route=%2Fwp%2Fv2%2Fcomments&post=20"}],"version-history":[{"count":4,"href":"https:\/\/www.annehamalainen.com\/index.php?rest_route=\/wp\/v2\/pages\/20\/revisions"}],"predecessor-version":[{"id":92,"href":"https:\/\/www.annehamalainen.com\/index.php?rest_route=\/wp\/v2\/pages\/20\/revisions\/92"}],"wp:attachment":[{"href":"https:\/\/www.annehamalainen.com\/index.php?rest_route=%2Fwp%2Fv2%2Fmedia&parent=20"}],"curies":[{"name":"wp","href":"https:\/\/api.w.org\/{rel}","templated":true}]}}